{"id":13,"date":"2024-12-09T15:39:53","date_gmt":"2024-12-09T14:39:53","guid":{"rendered":"http:\/\/coeur-et-travail.com\/?page_id=13"},"modified":"2025-02-17T14:13:16","modified_gmt":"2025-02-17T13:13:16","slug":"association","status":"publish","type":"page","link":"https:\/\/coeur-et-travail.com\/index.php\/association\/","title":{"rendered":"L&rsquo;association"},"content":{"rendered":"\n<p><strong>Lettre du pr\u00e9sident<\/strong><\/p>\n\n\n\n<p>Cher(\u00e8re) Confr\u00e8re, Cher(\u00e8re) Ami(e),<br>Cette ann\u00e9e nos activit\u00e9s ont repris et se sont fortement d\u00e9velopp\u00e9es, notamment pour vos (tr\u00e8s nombreuses) demandes d\u2019interventions au sein de vos services. Les retours ont \u00e9t\u00e9 plus que satisfaisants et nous vous remercions en cela, pour votre confiance.<br><br>Certaines sessions, ont \u00e9t\u00e9 propos\u00e9es et le sont encore cette ann\u00e9e, en format hybride (mixte pr\u00e9sentiel\/distanciel). Les programmes sont ceux que vous connaissez et peuvent tous \u00eatre adapt\u00e9s \u00e0 vos demandes pour des sessions en intra. N\u2019h\u00e9sitez pas \u00e0 consulter notre site www.coeur-et-travail.com et \u00e0 vous inscrire information@coeur-et-travail.com, ou vous renseigner pour des demandes sp\u00e9cifiques aupr\u00e8s de<br>Madame Yveline LAGARDE<br>01 42 80 10 28<br>contact@coeur-et-travail.com.<br><br>Nous vous rappelons \u00e9galement que nous sommes reconnus organisme DPC et certifi\u00e9 QUALIOPI.<br>Enfin, pour rappel, n\u2019oubliez pas notre rendez-vous biennal pour la septi\u00e8me Journ\u00e9e Jean Bertran qui se tiendra le 25 septembre 2025 \u00e0 Paris. Les inscriptions sont nombreuses mais il reste encore des places, n\u2019h\u00e9sitez pas \u00e0 vous inscrire d\u00e8s que possible\u00a0!<br><br>En esp\u00e9rant vous accueillir tr\u00e8s bient\u00f4t,<br><br>Bien amicalement,<br>Professeur Bernard PIERRE<br>Pr\u00e9sident<\/p>\n","protected":false},"excerpt":{"rendered":"<p>Lettre du pr\u00e9sident Cher(\u00e8re) Confr\u00e8re, Cher(\u00e8re) Ami(e),Cette ann\u00e9e nos activit\u00e9s ont repris et se sont fortement d\u00e9velopp\u00e9es, notamment pour vos (tr\u00e8s nombreuses) demandes d\u2019interventions au sein de vos services. Les retours ont \u00e9t\u00e9 plus que satisfaisants et nous vous remercions en cela, pour votre confiance. Certaines sessions, ont \u00e9t\u00e9 propos\u00e9es et le sont encore cette &hellip; <\/p>\n<p class=\"link-more\"><a href=\"https:\/\/coeur-et-travail.com\/index.php\/association\/\" class=\"more-link\">Lire la suite de<span class=\"screen-reader-text\">\u00ab\u00a0L&rsquo;association\u00a0\u00bb<\/span><\/a><\/p>\n","protected":false},"author":1,"featured_media":0,"parent":0,"menu_order":0,"comment_status":"closed","ping_status":"closed","template":"","meta":{"footnotes":""},"class_list":["post-13","page","type-page","status-publish","hentry"],"_links":{"self":[{"href":"https:\/\/coeur-et-travail.com\/index.php\/wp-json\/wp\/v2\/pages\/13","targetHints":{"allow":["GET"]}}],"collection":[{"href":"https:\/\/coeur-et-travail.com\/index.php\/wp-json\/wp\/v2\/pages"}],"about":[{"href":"https:\/\/coeur-et-travail.com\/index.php\/wp-json\/wp\/v2\/types\/page"}],"author":[{"embeddable":true,"href":"https:\/\/coeur-et-travail.com\/index.php\/wp-json\/wp\/v2\/users\/1"}],"replies":[{"embeddable":true,"href":"https:\/\/coeur-et-travail.com\/index.php\/wp-json\/wp\/v2\/comments?post=13"}],"version-history":[{"count":6,"href":"https:\/\/coeur-et-travail.com\/index.php\/wp-json\/wp\/v2\/pages\/13\/revisions"}],"predecessor-version":[{"id":487,"href":"https:\/\/coeur-et-travail.com\/index.php\/wp-json\/wp\/v2\/pages\/13\/revisions\/487"}],"wp:attachment":[{"href":"https:\/\/coeur-et-travail.com\/index.php\/wp-json\/wp\/v2\/media?parent=13"}],"curies":[{"name":"wp","href":"https:\/\/api.w.org\/{rel}","templated":true}]}}