{"id":21,"date":"2024-12-09T15:39:53","date_gmt":"2024-12-09T14:39:53","guid":{"rendered":"http:\/\/coeur-et-travail.com\/?page_id=21"},"modified":"2025-02-17T15:19:49","modified_gmt":"2025-02-17T14:19:49","slug":"modalites-dinscription","status":"publish","type":"page","link":"https:\/\/coeur-et-travail.com\/index.php\/modalites-dinscription\/","title":{"rendered":"Modalit\u00e9s d\u2019inscription"},"content":{"rendered":"\n<p><strong>Conditions g\u00e9n\u00e9rales de ventes et modalit\u00e9s d\u2019inscription aux stages de formation<\/strong><\/p>\n\n\n\n<p><strong>Conditions g\u00e9n\u00e9rales<\/strong><\/p>\n\n\n\n<p>Les inscriptions seront retenues par ordre d\u2019arriv\u00e9e dans la limite des places disponibles, de 10 \u00e0 14 participants selon les formations (se reporter aux descriptifs).<\/p>\n\n\n\n<p>Toute participation \u00e0 un stage sera factur\u00e9e au tarif en vigueur au moment de l\u2019inscription. Les tarifs indiqu\u00e9s tiennent compte des repas pris lors des formations.<\/p>\n\n\n\n<p>En cas d\u2019annulation sans report d\u2019inscription, un montant forfaitaire de 120 Euros sera factur\u00e9 pour frais administratifs.<\/p>\n\n\n\n<p>Coeur et travail se r\u00e9serve le droit d&rsquo;annuler une formation jusqu&rsquo;\u00e0 trois semaines avant le d\u00e9but de la session.<\/p>\n\n\n\n<p><strong>Modalit\u00e9s<\/strong><\/p>\n\n\n\n<p><strong>Inscription:<\/strong><br>Les inscriptions se font via le formulaire en ligne, par courrier ou courriel.<br><br>Les demandes faites par t\u00e9l\u00e9phone devront \u00eatre confirm\u00e9es par \u00e9crit<\/p>\n\n\n\n<p><strong>Confirmation d\u2019inscription\u00a0:<\/strong><br>Les inscriptions sont confirm\u00e9es \u00e0 r\u00e9ception du bulletin d\u2019inscription\u00a0; une convention et un programme d\u00e9taill\u00e9 sont adress\u00e9s au service du participant inscrit.<br>L&rsquo;inscription ne sera d\u00e9finitivement valid\u00e9e qu&rsquo;\u00e0 r\u00e9ception d&rsquo;un exemplaire de la convention de formation sign\u00e9e ou, \u00e0 d\u00e9faut, d&rsquo;un bon de commande ou d&rsquo;une lettre d&rsquo;engagement d&rsquo;un OPCA.<\/p>\n\n\n\n<p><strong>Montants d&rsquo;inscription\u00a0:<\/strong><br>Les prix sont affich\u00e9s en Euros H.T. et T.T.C., ils s&rsquo;entendent par personne sauf mention contraire.<br>Les r\u00e8glements se font \u00e0 r\u00e9ception de la facture (la TVA prise en compte est bas\u00e9e sur 20%, TVA en vigueur au 01\/12\/2015).<\/p>\n\n\n\n<p><strong>Convocation:<\/strong><br>Trois semaines avant le stage, une convocation, le programme et un plan d\u2019acc\u00e8s sont adress\u00e9s \u00e0 chaque participant.<\/p>\n\n\n\n<p><strong>Programme et d\u00e9roulement des formations&nbsp;:<\/strong><\/p>\n\n\n\n<p>Les formations peuvent \u00eatre r\u00e9alis\u00e9es en distanciel ou forme mixte en pr\u00e9sentiel\/distanciel.<\/p>\n\n\n\n<p>En r\u00e8gle g\u00e9n\u00e9rale, les formations se tiennent<\/p>\n\n\n\n<p><strong>de 9 H 00 \u00e0 12 H 30 et de 14 H 00 \u00e0 17 H 30<\/strong><\/p>\n\n\n\n<p>Pour des raisons pratiques et pour favoriser les \u00e9changes entre les intervenants et les participants, les d\u00e9jeuners sont pris en commun, sur les lieux des stages ou \u00e0 proximit\u00e9.<br>Les programmes des formations peuvent \u00eatre modifi\u00e9s en cas de n\u00e9cessit\u00e9<\/p>\n\n\n\n<p><strong>\u00c9valuation&nbsp;:<\/strong><br>Pour adapter les enseignements aux \u00e9volutions des demandes, une \u00e9valuation de stage sera demand\u00e9e aux participants pour chaque s\u00e9quence de formation.<br>Dans certains cas, ces \u00e9valuations sont doubl\u00e9es d\u2019un bilan avec le formateur.<\/p>\n\n\n\n<p><strong>Attestation:<\/strong><br>Une attestation sera remise au participant in situ et une copie est adress\u00e9e \u00e0 l\u2019employeur avec la facture \u00e0 l\u2019issue de la formation.<\/p>\n\n\n\n<p><strong>R\u00e8glement&nbsp;:<\/strong><br>Le r\u00e8glement s\u2019effectue \u00e0 la fin des formations et \u00e0 r\u00e9ception de la facture et de l\u2019attestation de stage directement adress\u00e9es \u00e0 l\u2019organisme payeur indiqu\u00e9 sur le formulaire d\u2019inscription.<br>Le r\u00e8glement peut se faire par ch\u00e8que, libell\u00e9 \u00e0 l\u2019ordre de \u00ab&nbsp;C\u0153ur et Travail&nbsp;\u00bb ou par virement bancaire en reportant les r\u00e9f\u00e9rences correspondantes.<\/p>\n\n\n\n<p><strong>Soucieux de r\u00e9pondre \u00e0 vos attentes en formation, toutes nos formations peuvent \u00eatre organis\u00e9es sur demande, en inter ou intra entreprises, dans leur forme initiale ou adapt\u00e9e \u00e0 des besoins sp\u00e9cifiques.<\/strong><\/p>\n\n\n\n<p><\/p>\n","protected":false},"excerpt":{"rendered":"<p>Conditions g\u00e9n\u00e9rales de ventes et modalit\u00e9s d\u2019inscription aux stages de formation Conditions g\u00e9n\u00e9rales Les inscriptions seront retenues par ordre d\u2019arriv\u00e9e dans la limite des places disponibles, de 10 \u00e0 14 participants selon les formations (se reporter aux descriptifs). Toute participation \u00e0 un stage sera factur\u00e9e au tarif en vigueur au moment de l\u2019inscription. Les tarifs &hellip; <\/p>\n<p class=\"link-more\"><a href=\"https:\/\/coeur-et-travail.com\/index.php\/modalites-dinscription\/\" class=\"more-link\">Lire la suite de<span class=\"screen-reader-text\">\u00ab\u00a0Modalit\u00e9s d\u2019inscription\u00a0\u00bb<\/span><\/a><\/p>\n","protected":false},"author":1,"featured_media":0,"parent":0,"menu_order":0,"comment_status":"closed","ping_status":"closed","template":"","meta":{"footnotes":""},"class_list":["post-21","page","type-page","status-publish","hentry"],"_links":{"self":[{"href":"https:\/\/coeur-et-travail.com\/index.php\/wp-json\/wp\/v2\/pages\/21","targetHints":{"allow":["GET"]}}],"collection":[{"href":"https:\/\/coeur-et-travail.com\/index.php\/wp-json\/wp\/v2\/pages"}],"about":[{"href":"https:\/\/coeur-et-travail.com\/index.php\/wp-json\/wp\/v2\/types\/page"}],"author":[{"embeddable":true,"href":"https:\/\/coeur-et-travail.com\/index.php\/wp-json\/wp\/v2\/users\/1"}],"replies":[{"embeddable":true,"href":"https:\/\/coeur-et-travail.com\/index.php\/wp-json\/wp\/v2\/comments?post=21"}],"version-history":[{"count":4,"href":"https:\/\/coeur-et-travail.com\/index.php\/wp-json\/wp\/v2\/pages\/21\/revisions"}],"predecessor-version":[{"id":519,"href":"https:\/\/coeur-et-travail.com\/index.php\/wp-json\/wp\/v2\/pages\/21\/revisions\/519"}],"wp:attachment":[{"href":"https:\/\/coeur-et-travail.com\/index.php\/wp-json\/wp\/v2\/media?parent=21"}],"curies":[{"name":"wp","href":"https:\/\/api.w.org\/{rel}","templated":true}]}}