{"id":298,"date":"2024-12-23T09:37:08","date_gmt":"2024-12-23T08:37:08","guid":{"rendered":"https:\/\/coeur-et-travail.com\/?page_id=298"},"modified":"2024-12-23T09:37:33","modified_gmt":"2024-12-23T08:37:33","slug":"cnmst24","status":"publish","type":"page","link":"https:\/\/coeur-et-travail.com\/index.php\/cnmst24\/","title":{"rendered":"CNMST24"},"content":{"rendered":"\n<figure class=\"wp-block-image size-large\"><img loading=\"lazy\" decoding=\"async\" width=\"1024\" height=\"768\" src=\"https:\/\/coeur-et-travail.com\/wp-content\/uploads\/2024\/12\/WhatsApp-Image-2024-12-07-a-18.22.34_a3b32e20-1024x768.jpg\" alt=\"\" class=\"wp-image-78\" srcset=\"https:\/\/coeur-et-travail.com\/wp-content\/uploads\/2024\/12\/WhatsApp-Image-2024-12-07-a-18.22.34_a3b32e20-1024x768.jpg 1024w, https:\/\/coeur-et-travail.com\/wp-content\/uploads\/2024\/12\/WhatsApp-Image-2024-12-07-a-18.22.34_a3b32e20-300x225.jpg 300w, https:\/\/coeur-et-travail.com\/wp-content\/uploads\/2024\/12\/WhatsApp-Image-2024-12-07-a-18.22.34_a3b32e20.jpg 1600w\" sizes=\"auto, (max-width: 1024px) 100vw, 1024px\" \/><\/figure>\n\n\n\n<p><strong>14:00-15:30 Arena JEUDI 6 JUIN 2024<\/strong><br><strong>C&amp;T I Session sp\u00e9ciale : C\u0153ur et travail<\/strong><br>Mod\u00e9rateurs : Jean-Dominique DEWITTE (Universit\u00e9 de Bretagne<br>Occidentale &#8211; URF M\u00e9decine et Sciences de la sant\u00e9, Brest),<br>Bernard PIERRE (Pr\u00e9sident Coeur et travail, Facult\u00e9<br>de m\u00e9decine Lyon-Sud, Lyon)<br><strong>Objectif p\u00e9dagogique :<\/strong><\/p>\n\n\n\n<ul class=\"wp-block-list\">\n<li><strong>Identifier parmi les salari\u00e9s ceux \u00e0 haut ou tr\u00e8s haut risque cardio-<br>vasculaire et \u00e9valuer leur prise en charge<\/strong><br><br>14:00 > C&amp;T-1 &#8211; Le valvulaire au travail<br>Sophie DURAND (Service de r\u00e9adaptation cardiaque \/ Ennery, LNA,<br>vice-pr\u00e9sidente de l\u2019association C\u0153ur et Travail, Ennery)<br><br>14:20 > C&amp;T-2 &#8211; Quels outils pour juger de la sant\u00e9 psychologique<br>de mon salari\u00e9 \u00ab cardiaque \u00bb ?<br>Jean-Pierre HOUPPE (Cardiologue, Saint Michel L\u2019observatoire)<br><br>14:40 > C&amp;T-3 &#8211; Examens compl\u00e9mentaires en cardiologie, qu\u2019en<br>dire ? Quelle utilit\u00e9 ?<br>Jean-Christophe BLANCHARD (SELARL Dr Blanchard, Montb\u00e9liard)<br><br>15:00 > C&amp;T-4 &#8211; Les nouveaux traitements pharmacologiques<br>en pr\u00e9vention cardiovasculaire<br>Marie-Christine ILIOU (H\u00f4pital Saint-Joseph, Paris)<br><br>15:20 > Discussion g\u00e9n\u00e9rale<\/li>\n<\/ul>\n\n\n\n<div class=\"wp-block-cover aligncenter\" style=\"min-height:356px;aspect-ratio:unset;\"><span aria-hidden=\"true\" class=\"wp-block-cover__background has-background-dim\"><\/span><img loading=\"lazy\" decoding=\"async\" width=\"1024\" height=\"581\" class=\"wp-block-cover__image-background wp-image-299\" alt=\"\" src=\"https:\/\/coeur-et-travail.com\/wp-content\/uploads\/2024\/12\/replay_CT_CNMST24-1024x581.jpg\" data-object-fit=\"cover\" srcset=\"https:\/\/coeur-et-travail.com\/wp-content\/uploads\/2024\/12\/replay_CT_CNMST24-1024x581.jpg 1024w, https:\/\/coeur-et-travail.com\/wp-content\/uploads\/2024\/12\/replay_CT_CNMST24-300x170.jpg 300w, https:\/\/coeur-et-travail.com\/wp-content\/uploads\/2024\/12\/replay_CT_CNMST24.jpg 1608w\" sizes=\"auto, (max-width: 1024px) 100vw, 1024px\" \/><div class=\"wp-block-cover__inner-container is-layout-flow wp-block-cover-is-layout-flow\">\n<p class=\"has-text-align-center has-large-font-size\"><a href=\"https:\/\/playeo.europa-organisation.com\/iframe\/index\/video\/evyVeYyTVykctknc8SVz4YayabeuEg\/from\/playeo\/autoplay\/non\"><mark style=\"background-color:rgba(0, 0, 0, 0)\" class=\"has-inline-color has-secondary-color\">Voir la vid\u00e9o en replay<\/mark><\/a><\/p>\n<\/div><\/div>\n\n\n\n<p><\/p>\n","protected":false},"excerpt":{"rendered":"<p>14:00-15:30 Arena JEUDI 6 JUIN 2024C&amp;T I Session sp\u00e9ciale : C\u0153ur et travailMod\u00e9rateurs : Jean-Dominique DEWITTE (Universit\u00e9 de BretagneOccidentale &#8211; URF M\u00e9decine et Sciences de la sant\u00e9, Brest),Bernard PIERRE (Pr\u00e9sident Coeur et travail, Facult\u00e9de m\u00e9decine Lyon-Sud, Lyon)Objectif p\u00e9dagogique :<\/p>\n","protected":false},"author":1,"featured_media":0,"parent":0,"menu_order":0,"comment_status":"closed","ping_status":"closed","template":"","meta":{"footnotes":""},"class_list":["post-298","page","type-page","status-publish","hentry"],"_links":{"self":[{"href":"https:\/\/coeur-et-travail.com\/index.php\/wp-json\/wp\/v2\/pages\/298","targetHints":{"allow":["GET"]}}],"collection":[{"href":"https:\/\/coeur-et-travail.com\/index.php\/wp-json\/wp\/v2\/pages"}],"about":[{"href":"https:\/\/coeur-et-travail.com\/index.php\/wp-json\/wp\/v2\/types\/page"}],"author":[{"embeddable":true,"href":"https:\/\/coeur-et-travail.com\/index.php\/wp-json\/wp\/v2\/users\/1"}],"replies":[{"embeddable":true,"href":"https:\/\/coeur-et-travail.com\/index.php\/wp-json\/wp\/v2\/comments?post=298"}],"version-history":[{"count":2,"href":"https:\/\/coeur-et-travail.com\/index.php\/wp-json\/wp\/v2\/pages\/298\/revisions"}],"predecessor-version":[{"id":301,"href":"https:\/\/coeur-et-travail.com\/index.php\/wp-json\/wp\/v2\/pages\/298\/revisions\/301"}],"wp:attachment":[{"href":"https:\/\/coeur-et-travail.com\/index.php\/wp-json\/wp\/v2\/media?parent=298"}],"curies":[{"name":"wp","href":"https:\/\/api.w.org\/{rel}","templated":true}]}}