{"id":329,"date":"2025-01-02T16:48:28","date_gmt":"2025-01-02T15:48:28","guid":{"rendered":"https:\/\/coeur-et-travail.com\/?page_id=329"},"modified":"2025-12-02T15:39:06","modified_gmt":"2025-12-02T14:39:06","slug":"calculatrice-mets-f-kgwatt","status":"publish","type":"page","link":"https:\/\/coeur-et-travail.com\/index.php\/calculatrice-mets-f-kgwatt\/","title":{"rendered":"Calculatrice METs = f (Kg,Watt)"},"content":{"rendered":"\n<div>\n<h3>Calculatrice Metabolic Equivalent Task <\/h3>\n<h3>METs = f(Watts, Kg) = (((Watt\/Kg)*10.65)+3.5)\/3.5 <\/h3>\n<h3>Calcul de l&rsquo;\u00e9quivalence en METs en fonction du poids (Kg) et de la puissance en Watt (W) <\/h3>\n  <h3>Entrer ici les valeures poids en Kg et Puissance en Watt <\/h3>\n  <form id=\"calculForm\">\n    <label for=\"valA\">Poids (Kg) = :<\/label>\n    <input type=\"number\" id=\"valA\" name=\"valA\" step=\"any\" required><br><br>\n\n    <label for=\"valB\">Puissance en Watt = :<\/label>\n    <input type=\"number\" id=\"valB\" name=\"valB\" step=\"any\" required><br><br>\n\n    <button type=\"button\" onclick=\"calculer()\">Calculer<\/button>\n  <\/form>\n\n  <h3>Resultat en METs = <span id=\"resultat\">&#8211;<\/span><\/h3>\n<\/div>\n\n<script>\n  function calculer() {\n    \/\/ R\u00e9cup\u00e9ration des valeurs entr\u00e9es\n    const valA = parseFloat(document.getElementById(\"valA\").value);\n    const valB = parseFloat(document.getElementById(\"valB\").value);\n\n    \/\/ V\u00e9rification des valeurs\n    if (isNaN(valA) || isNaN(valB)) {\n      alert(\"Veuillez entrer des nombres valides.\");\n      return;\n    }\n\n    \/\/ Calcul du r\u00e9sultat\n    const resultat = ((((valB\/valA)*10.64)+3.5)\/3.5);\n\n    \/\/ Affichage du r\u00e9sultat\n    document.getElementById(\"resultat\").innerText = resultat;\n  }\n<\/script>\n\n\n\n<p><\/p>\n","protected":false},"excerpt":{"rendered":"<p>Calculatrice Metabolic Equivalent Task METs = f(Watts, Kg) = (((Watt\/Kg)*10.65)+3.5)\/3.5 Calcul de l&rsquo;\u00e9quivalence en METs en fonction du poids (Kg) et de la puissance en Watt (W) Entrer ici les valeures poids en Kg et Puissance en Watt Poids (Kg) = : Puissance en Watt = : Calculer Resultat en METs = &#8211;<\/p>\n","protected":false},"author":1,"featured_media":0,"parent":0,"menu_order":0,"comment_status":"closed","ping_status":"closed","template":"","meta":{"footnotes":""},"class_list":["post-329","page","type-page","status-publish","hentry"],"_links":{"self":[{"href":"https:\/\/coeur-et-travail.com\/index.php\/wp-json\/wp\/v2\/pages\/329","targetHints":{"allow":["GET"]}}],"collection":[{"href":"https:\/\/coeur-et-travail.com\/index.php\/wp-json\/wp\/v2\/pages"}],"about":[{"href":"https:\/\/coeur-et-travail.com\/index.php\/wp-json\/wp\/v2\/types\/page"}],"author":[{"embeddable":true,"href":"https:\/\/coeur-et-travail.com\/index.php\/wp-json\/wp\/v2\/users\/1"}],"replies":[{"embeddable":true,"href":"https:\/\/coeur-et-travail.com\/index.php\/wp-json\/wp\/v2\/comments?post=329"}],"version-history":[{"count":8,"href":"https:\/\/coeur-et-travail.com\/index.php\/wp-json\/wp\/v2\/pages\/329\/revisions"}],"predecessor-version":[{"id":726,"href":"https:\/\/coeur-et-travail.com\/index.php\/wp-json\/wp\/v2\/pages\/329\/revisions\/726"}],"wp:attachment":[{"href":"https:\/\/coeur-et-travail.com\/index.php\/wp-json\/wp\/v2\/media?parent=329"}],"curies":[{"name":"wp","href":"https:\/\/api.w.org\/{rel}","templated":true}]}}