{"id":9,"date":"2024-12-09T15:39:53","date_gmt":"2024-12-09T14:39:53","guid":{"rendered":"http:\/\/coeur-et-travail.com\/?page_id=9"},"modified":"2024-12-13T14:31:45","modified_gmt":"2024-12-13T13:31:45","slug":"about","status":"publish","type":"page","link":"https:\/\/coeur-et-travail.com\/index.php\/about\/","title":{"rendered":"Nos formations"},"content":{"rendered":"\n<p>&#8211; Des formations en inter \u00e0 Paris et Lyon<br>&#8211; Formations en intra sur demande, partout en m\u00e9tropole et outre-mer<br>&#8211; Des colloques<br>&#8211; Des conf\u00e9rences \u00e0 destination de publics non m\u00e9dicaux<br>&#8211; Des journ\u00e9es th\u00e9matiques organis\u00e9es in situ dans les entreprises.<\/p>\n\n\n\n<div style=\"height:100px\" aria-hidden=\"true\" class=\"wp-block-spacer\"><\/div>\n\n\n\n<div class=\"wp-block-cover alignfull\" style=\"padding-top:50px;padding-right:50px;padding-bottom:50px;padding-left:50px;min-height:316px;aspect-ratio:unset;\"><span aria-hidden=\"true\" class=\"wp-block-cover__background has-black-background-color has-background-dim-100 has-background-dim\"><\/span><div class=\"wp-block-cover__inner-container is-layout-flow wp-block-cover-is-layout-flow\">\n<p class=\"has-text-align-center has-large-font-size\">La cardiologie pratique pour les professionnels en sant\u00e9 au travail.<\/p>\n<\/div><\/div>\n","protected":false},"excerpt":{"rendered":"<p>&#8211; Des formations en inter \u00e0 Paris et Lyon&#8211; Formations en intra sur demande, partout en m\u00e9tropole et outre-mer&#8211; Des colloques&#8211; Des conf\u00e9rences \u00e0 destination de publics non m\u00e9dicaux&#8211; Des journ\u00e9es th\u00e9matiques organis\u00e9es in situ dans les entreprises.<\/p>\n","protected":false},"author":1,"featured_media":0,"parent":0,"menu_order":0,"comment_status":"closed","ping_status":"closed","template":"","meta":{"footnotes":""},"class_list":["post-9","page","type-page","status-publish","hentry"],"_links":{"self":[{"href":"https:\/\/coeur-et-travail.com\/index.php\/wp-json\/wp\/v2\/pages\/9","targetHints":{"allow":["GET"]}}],"collection":[{"href":"https:\/\/coeur-et-travail.com\/index.php\/wp-json\/wp\/v2\/pages"}],"about":[{"href":"https:\/\/coeur-et-travail.com\/index.php\/wp-json\/wp\/v2\/types\/page"}],"author":[{"embeddable":true,"href":"https:\/\/coeur-et-travail.com\/index.php\/wp-json\/wp\/v2\/users\/1"}],"replies":[{"embeddable":true,"href":"https:\/\/coeur-et-travail.com\/index.php\/wp-json\/wp\/v2\/comments?post=9"}],"version-history":[{"count":3,"href":"https:\/\/coeur-et-travail.com\/index.php\/wp-json\/wp\/v2\/pages\/9\/revisions"}],"predecessor-version":[{"id":286,"href":"https:\/\/coeur-et-travail.com\/index.php\/wp-json\/wp\/v2\/pages\/9\/revisions\/286"}],"wp:attachment":[{"href":"https:\/\/coeur-et-travail.com\/index.php\/wp-json\/wp\/v2\/media?parent=9"}],"curies":[{"name":"wp","href":"https:\/\/api.w.org\/{rel}","templated":true}]}}